{"id":62,"date":"2019-06-29T12:48:14","date_gmt":"2019-06-29T12:48:14","guid":{"rendered":"https:\/\/weltladen-kressbronn.de\/wp\/?page_id=62"},"modified":"2025-01-07T10:31:23","modified_gmt":"2025-01-07T09:31:23","slug":"eine-welt-verein-kressbronn","status":"publish","type":"page","link":"https:\/\/weltladen-kressbronn.de\/index.php\/eine-welt-verein-kressbronn\/","title":{"rendered":"Eine Welt Verein Kressbronn"},"content":{"rendered":"<h1>Die Eine-Welt-Bewegung in Kressbronn<\/h1>\n<p class=\"\">Ausgangspunkt der Bewegung war Ende der Neunziger Jahres des letzten Jahrhunderts die Eine-Welt-Gruppe der katholischen Kirche in Kressbronn. Damals sprach man noch eher von der \u201eDritten Welt\u201c bis sich die Erkenntnis durchsetzte, dass die gesellschaftliche und wirtschaftliche Entwicklung in den L\u00e4ndern der \u201eDritten Welt\u201c und die Entwicklung in der \u201eErsten\u201c und \u201eZweiten\u201c Welt zwei Seiten derselben Medaille sind. Am Rand des sonnt\u00e4glichen Gottesdienstes wurden von der Gruppe fair gehandelte Lebensmittel angeboten. Die \u00dcbersch\u00fcsse gingen an verschiedene Hilfsprojekte in Lateinamerika und Afrika. Den Kontakt zu diesen Hilfsprojekten \u2013 Bew\u00e4sserungssystem in Uganda, Hospitalausr\u00fcstung in Guatemala etc. \u2013 unterhielt man \u00fcber bekannte Personen, die wenn Sie auf Besuch waren, \u00fcber die Projekte berichteten.<\/p>\n<p class=\"\">Als sich 2002 die M\u00f6glichkeit bot, einen st\u00e4ndigen Laden einzurichten, griff die Gruppe zu. Das Ehepaar Woyte war federf\u00fchrend bei der Anmietung und Umgestaltung einer ehemaligen Werkstatt im Unterm\u00fchleweg zu einem Laden f\u00fcr fair gehandelte Waren. Mit einer Schaar von Ehrenamtlichen aus der Eine-Welt-Gruppe wurde der Laden gef\u00fchrt und um dem Ganzen einen rechtlichen Rahmen zu geben, wurde der Eine-Welt-Verein Kressbronn gegr\u00fcndet, dem anf\u00e4nglich Uli Woyte vorstand.<\/p>\n<p class=\"\">Dieses eindrucksvolle Engagement der vielen Helfer und Unterst\u00fctzer ist die Basis f\u00fcr den heute noch bestehenden Eine-Welt-Verein und den sehr erfolgreichen Weltladen, wie er sich jetzt nennt. Weitere Vereinsvorst\u00e4nde waren seitdem Claudia Griesser, Roland R\u00f6sch , Gert Dreyer, Heidi Eisenbl\u00e4tter, Silvia Ragas, Hubert Max Schuh, Silke Birk und Karin Buck. Seit 2024 ist Marion Dorner, neue Vorstandsvorsitzende sowie Jutta Gaissmaier und Gisela Br\u00fcck als ihre Stellvertreterinnen. Etwa 20 ehrenamtliche Helferinnen und Helfer sorgen daf\u00fcr, dass der \u201eLaden l\u00e4uft\u201c, das Sortiment regelm\u00e4\u00dfig erneuert und erweitert wird und so die Attraktivit\u00e4t der fair gehandelten Waren gesteigert wird. Inzwischen sind neben dem traditionellen Warensortiment wie Kaffee, Schokolade, Kunsthandwerk auch Textilien und Einrichtungsgegenst\u00e4nde im Sortiment. Die Kundenbindung und die Information \u00fcber die Bedingungen des fairen und auch des \u201eunfairen\u201c Handels ist dem Verein ein gro\u00dfes Anliegen. So besuchen uns regelm\u00e4\u00dfig Schulklassen der Kressbronner Schulen, f\u00fcr die wir ein spezielles Kennenlernprogramm entwickelt haben. Gleichwohl werden wir die Informationsveranstaltungen zu diesem Themenkreis noch weiter verst\u00e4rken.<\/p>\n","protected":false},"excerpt":{"rendered":"<p>Die Eine-Welt-Bewegung in Kressbronn Ausgangspunkt der Bewegung war Ende der Neunziger Jahres des letzten Jahrhunderts die Eine-Welt-Gruppe der katholischen Kirche in Kressbronn. Damals sprach man noch eher von der \u201eDritten Welt\u201c bis sich die Erkenntnis durchsetzte, dass die gesellschaftliche und wirtschaftliche Entwicklung in den L\u00e4ndern der \u201eDritten Welt\u201c und die Entwicklung in der \u201eErsten\u201c und [&hellip;]<\/p>\n","protected":false},"author":1,"featured_media":1944,"parent":0,"menu_order":0,"comment_status":"closed","ping_status":"closed","template":"","meta":{"spay_email":""},"_links":{"self":[{"href":"https:\/\/weltladen-kressbronn.de\/index.php\/wp-json\/wp\/v2\/pages\/62"}],"collection":[{"href":"https:\/\/weltladen-kressbronn.de\/index.php\/wp-json\/wp\/v2\/pages"}],"about":[{"href":"https:\/\/weltladen-kressbronn.de\/index.php\/wp-json\/wp\/v2\/types\/page"}],"author":[{"embeddable":true,"href":"https:\/\/weltladen-kressbronn.de\/index.php\/wp-json\/wp\/v2\/users\/1"}],"replies":[{"embeddable":true,"href":"https:\/\/weltladen-kressbronn.de\/index.php\/wp-json\/wp\/v2\/comments?post=62"}],"version-history":[{"count":7,"href":"https:\/\/weltladen-kressbronn.de\/index.php\/wp-json\/wp\/v2\/pages\/62\/revisions"}],"predecessor-version":[{"id":1946,"href":"https:\/\/weltladen-kressbronn.de\/index.php\/wp-json\/wp\/v2\/pages\/62\/revisions\/1946"}],"wp:featuredmedia":[{"embeddable":true,"href":"https:\/\/weltladen-kressbronn.de\/index.php\/wp-json\/wp\/v2\/media\/1944"}],"wp:attachment":[{"href":"https:\/\/weltladen-kressbronn.de\/index.php\/wp-json\/wp\/v2\/media?parent=62"}],"curies":[{"name":"wp","href":"https:\/\/api.w.org\/{rel}","templated":true}]}}