{"id":1828,"date":"2024-06-27T15:20:52","date_gmt":"2024-06-27T13:20:52","guid":{"rendered":"https:\/\/weltladen-kressbronn.de\/?page_id=1828"},"modified":"2024-08-26T21:38:34","modified_gmt":"2024-08-26T19:38:34","slug":"partner","status":"publish","type":"page","link":"https:\/\/weltladen-kressbronn.de\/index.php\/partner\/","title":{"rendered":"Unsere Partner"},"content":{"rendered":"<h4>Der Weltladen Kressbronn ist vielfach vernetzt, wir m\u00f6chten uns bei unseren Partnern f\u00fcr die Zusammenarbeit bedanken.<\/h4>\n<h2>Hier findet ihr weitere Informationen und Links dazu.<\/h2>\n<h3><\/h3>\n<p>&nbsp;<\/p>\n<h3>Alb-Knoblauch<\/h3>\n<p><a href=\"https:\/\/albknoblauch.de\/\" target=\"_blank\" rel=\"noopener\"><img loading=\"lazy\" class=\"alignleft wp-image-1830\" src=\"https:\/\/weltladen-kressbronn.de\/wp\/wp-content\/uploads\/2024\/06\/CC28A73F-D15A-433D-A1D8-986F3580AA4F.jpeg\" alt=\"\" width=\"143\" height=\"148\" srcset=\"https:\/\/weltladen-kressbronn.de\/wp\/wp-content\/uploads\/2024\/06\/CC28A73F-D15A-433D-A1D8-986F3580AA4F.jpeg 100w, https:\/\/weltladen-kressbronn.de\/wp\/wp-content\/uploads\/2024\/06\/CC28A73F-D15A-433D-A1D8-986F3580AA4F-24x24.jpeg 24w, https:\/\/weltladen-kressbronn.de\/wp\/wp-content\/uploads\/2024\/06\/CC28A73F-D15A-433D-A1D8-986F3580AA4F-36x36.jpeg 36w\" sizes=\"(max-width: 143px) 100vw, 143px\" \/><\/a>Alb-Knoblauch ist eine famili\u00e4re Manufaktur, die aus den Eltern Szivi und Max und den Kinder: Luna, Milan, Kamilla und Alma besteht. Sie leben auf einem Bio-Bauernhof auf der Schw\u00e4bischen Alb in Lauterach wo sie 30 Hektar Land bewirtschaften. sie haben ein paar Mutterk\u00fche, Pferde und Esel. Auf dem Acker baut Max Linsen, Buchweizen, Kleegras, Getreide und Knoblauch im Wechsel on. Szivi gr\u00fcndete im Jahr 2015 eine Maufaktur f\u00fcr Knoblauchspezialit\u00e4ten. Weiter Infos zu den leckeren Knoblauch- Spezialit\u00e4ten findet ihr <a href=\"https:\/\/albknoblauch.de\/\" target=\"_blank\" rel=\"noopener\">hier<\/a>.<\/p>\n<p>&nbsp;<\/p>\n<h3>Direkthilfe Burkina Faso<\/h3>\n<p><img loading=\"lazy\" class=\"wp-image-1831 alignleft\" src=\"https:\/\/weltladen-kressbronn.de\/wp\/wp-content\/uploads\/2024\/06\/C34C6CD5-7A8C-42EF-9ACE-6A895D8E2989.jpeg\" alt=\"\" width=\"144\" height=\"95\" srcset=\"https:\/\/weltladen-kressbronn.de\/wp\/wp-content\/uploads\/2024\/06\/C34C6CD5-7A8C-42EF-9ACE-6A895D8E2989.jpeg 250w, https:\/\/weltladen-kressbronn.de\/wp\/wp-content\/uploads\/2024\/06\/C34C6CD5-7A8C-42EF-9ACE-6A895D8E2989-24x16.jpeg 24w, https:\/\/weltladen-kressbronn.de\/wp\/wp-content\/uploads\/2024\/06\/C34C6CD5-7A8C-42EF-9ACE-6A895D8E2989-36x24.jpeg 36w, https:\/\/weltladen-kressbronn.de\/wp\/wp-content\/uploads\/2024\/06\/C34C6CD5-7A8C-42EF-9ACE-6A895D8E2989-48x32.jpeg 48w\" sizes=\"(max-width: 144px) 100vw, 144px\" \/>Der Verein Uganda-hilft e.V. Hat das Ziel die Situation der armen Menschen in Uganda Schritt f\u00fcr Schritt verbessern.\u00a0Kernelemente sind dabei die berufliche und schulische Ausbildung, der Aufbau von eigenem Business, die St\u00fctzung der Infrastruktur und die St\u00e4rkung der Gemeinschaft. Weitere Informationen zu dem Projekt und zu Spendenm\u00f6glichkeiten findet ihr unter folgendem <a href=\"https:\/\/www.direkthilfe-burkina.de\/\">Link<\/a>.<\/p>\n<p>&nbsp;<\/p>\n<h3>Kijaguzo Family<\/h3>\n<p><a href=\"https:\/\/www.uganda-familienhilfe.org\/\"><img loading=\"lazy\" class=\"wp-image-1829 alignleft\" src=\"https:\/\/weltladen-kressbronn.de\/wp\/wp-content\/uploads\/2024\/06\/660258C6-17EF-4834-AB34-43656DA3182F.png\" alt=\"\" width=\"145\" height=\"93\" srcset=\"https:\/\/weltladen-kressbronn.de\/wp\/wp-content\/uploads\/2024\/06\/660258C6-17EF-4834-AB34-43656DA3182F.png 300w, https:\/\/weltladen-kressbronn.de\/wp\/wp-content\/uploads\/2024\/06\/660258C6-17EF-4834-AB34-43656DA3182F-24x15.png 24w, https:\/\/weltladen-kressbronn.de\/wp\/wp-content\/uploads\/2024\/06\/660258C6-17EF-4834-AB34-43656DA3182F-36x23.png 36w, https:\/\/weltladen-kressbronn.de\/wp\/wp-content\/uploads\/2024\/06\/660258C6-17EF-4834-AB34-43656DA3182F-48x31.png 48w\" sizes=\"(max-width: 145px) 100vw, 145px\" \/><\/a>Die Mission bei den KIJAGUZO Familien-Entwicklungs-Initiativen in Uganda besteht darin, Familien in die Lage zu versetzen, ihre Existenz selbst\u00e4ndig und eigenst\u00e4ndig zu sichern. Ein Hauptaugenmerk liegt auf der beruflichen Ausbildung, insbesondere junger Menschen, die sich den Schulbesuch nicht leisten k\u00f6nnen.\u00a0Unser Fokus liegt auf nachhaltigen Initiativen, die Familien langfristig dabei helfen, eine tragf\u00e4hige Lebensgrundlage aufzubauen.<\/p>\n<p>&nbsp;<\/p>\n<h3>GEPA &#8211; THE FAIR TRADE COMPANY<\/h3>\n<p><a href=\"https:\/\/www.gepa.de\/home.html\"><img loading=\"lazy\" class=\"wp-image-1881 alignleft\" src=\"https:\/\/weltladen-kressbronn.de\/wp\/wp-content\/uploads\/2024\/08\/1AC153BE-A02F-4276-954F-96DC5A68CFD9-240x300.jpeg\" alt=\"\" width=\"146\" height=\"182\" srcset=\"https:\/\/weltladen-kressbronn.de\/wp\/wp-content\/uploads\/2024\/08\/1AC153BE-A02F-4276-954F-96DC5A68CFD9-240x300.jpeg 240w, https:\/\/weltladen-kressbronn.de\/wp\/wp-content\/uploads\/2024\/08\/1AC153BE-A02F-4276-954F-96DC5A68CFD9-19x24.jpeg 19w, https:\/\/weltladen-kressbronn.de\/wp\/wp-content\/uploads\/2024\/08\/1AC153BE-A02F-4276-954F-96DC5A68CFD9-29x36.jpeg 29w, https:\/\/weltladen-kressbronn.de\/wp\/wp-content\/uploads\/2024\/08\/1AC153BE-A02F-4276-954F-96DC5A68CFD9-38x48.jpeg 38w, https:\/\/weltladen-kressbronn.de\/wp\/wp-content\/uploads\/2024\/08\/1AC153BE-A02F-4276-954F-96DC5A68CFD9.jpeg 466w\" sizes=\"(max-width: 146px) 100vw, 146px\" \/><\/a>Fairer Handel ist seit 1975 der Kern der GEPA-Unternehmensphilosophie. Das haben auch ihre Gesellschafter, ausnahmslos kirchliche Entwicklungs- und Jugendorganisationen, im Gesellschaftsvertrag festgeschrieben.<\/p>\n<ul>\n<li>Produzentinnen und Produzenten im S\u00fcden nachhaltig unterst\u00fctzen<\/li>\n<li>Konsumentinnen und Konsumenten aufkl\u00e4ren<\/li>\n<li>zur Ver\u00e4nderung ungerechter Welthandelsstrukturen beitragen.<\/li>\n<\/ul>\n<p>&nbsp;<\/p>\n<p>&nbsp;<\/p>\n<h3>Weltpartner<\/h3>\n<p><a href=\"https:\/\/www.weltpartner.de\/de\/\"><img loading=\"lazy\" class=\" wp-image-1875 alignleft\" src=\"https:\/\/weltladen-kressbronn.de\/wp\/wp-content\/uploads\/2024\/08\/9038DCFC-E0AF-4E3E-95B1-A7F1921AC523-280x300.png\" alt=\"\" width=\"146\" height=\"156\" srcset=\"https:\/\/weltladen-kressbronn.de\/wp\/wp-content\/uploads\/2024\/08\/9038DCFC-E0AF-4E3E-95B1-A7F1921AC523-280x300.png 280w, https:\/\/weltladen-kressbronn.de\/wp\/wp-content\/uploads\/2024\/08\/9038DCFC-E0AF-4E3E-95B1-A7F1921AC523-22x24.png 22w, https:\/\/weltladen-kressbronn.de\/wp\/wp-content\/uploads\/2024\/08\/9038DCFC-E0AF-4E3E-95B1-A7F1921AC523-34x36.png 34w, https:\/\/weltladen-kressbronn.de\/wp\/wp-content\/uploads\/2024\/08\/9038DCFC-E0AF-4E3E-95B1-A7F1921AC523-45x48.png 45w, https:\/\/weltladen-kressbronn.de\/wp\/wp-content\/uploads\/2024\/08\/9038DCFC-E0AF-4E3E-95B1-A7F1921AC523.png 301w\" sizes=\"(max-width: 146px) 100vw, 146px\" \/><\/a>Was wir zu einer besseren Welt beitragen k\u00f6nnen, setzen wir aus vollem Herzen um \u2013 mit fairen Preisen, Vorfinanzierung f\u00fcr unsere Kleinbauernfamilien und Kleinproduzenten sowie mit Wertsch\u00f6pfungsketten, bei denen es nur Gewinner gibt. Dar\u00fcber hinaus handeln wir auch politisch f\u00fcr unsere Ziele: f\u00fcr unsere Vision eines Fairen Welthandels.<\/p>\n<p>&nbsp;<\/p>\n<p>&nbsp;<\/p>\n<h3>S\u00fcdsinn<\/h3>\n<p lang=\"de-DE\" xml:lang=\"de-DE\"><a href=\"https:\/\/www.suedsinn.de\/\"><img loading=\"lazy\" class=\"wp-image-1876 alignleft\" src=\"https:\/\/weltladen-kressbronn.de\/wp\/wp-content\/uploads\/2024\/08\/989E0892-8394-4955-86FC-5CDDE957A2EC.png\" alt=\"\" width=\"153\" height=\"64\" srcset=\"https:\/\/weltladen-kressbronn.de\/wp\/wp-content\/uploads\/2024\/08\/989E0892-8394-4955-86FC-5CDDE957A2EC.png 300w, https:\/\/weltladen-kressbronn.de\/wp\/wp-content\/uploads\/2024\/08\/989E0892-8394-4955-86FC-5CDDE957A2EC-24x10.png 24w, https:\/\/weltladen-kressbronn.de\/wp\/wp-content\/uploads\/2024\/08\/989E0892-8394-4955-86FC-5CDDE957A2EC-36x15.png 36w, https:\/\/weltladen-kressbronn.de\/wp\/wp-content\/uploads\/2024\/08\/989E0892-8394-4955-86FC-5CDDE957A2EC-48x20.png 48w\" sizes=\"(max-width: 153px) 100vw, 153px\" \/><\/a>s\u00fcdsinn ist 2001 aus einem studentischen Hilfsprojekt (seit 1995) heraus entstanden. Wir handeln nach eigenen, sehr hohen fair trade &#8211; Kriterien und sind uns unserer Verantwortung f\u00fcr unsere Lieferanten, die wir alle pers\u00f6nlich kennen, bewusst. Wir handeln mit handgefertigtem, hochwertigem Silberschmuck aus Nordthailand, der von Angeh\u00f6rigen des Bergvolkes der Karen nach unseren Designs hergestellt wird.<\/p>\n<h3 lang=\"de-DE\" xml:lang=\"de-DE\"><\/h3>\n<h3 lang=\"de-DE\" xml:lang=\"de-DE\">GLOBO<\/h3>\n<p lang=\"de-DE\" xml:lang=\"de-DE\"><a href=\"https:\/\/www.globo-fairtrade.com\/\"><img loading=\"lazy\" class=\"wp-image-1877 alignleft\" src=\"https:\/\/weltladen-kressbronn.de\/wp\/wp-content\/uploads\/2024\/08\/56EF844E-45F0-45D3-B553-DD8E571F6261-300x300.jpeg\" alt=\"\" width=\"154\" height=\"154\" srcset=\"https:\/\/weltladen-kressbronn.de\/wp\/wp-content\/uploads\/2024\/08\/56EF844E-45F0-45D3-B553-DD8E571F6261-300x300.jpeg 300w, https:\/\/weltladen-kressbronn.de\/wp\/wp-content\/uploads\/2024\/08\/56EF844E-45F0-45D3-B553-DD8E571F6261-150x150.jpeg 150w, https:\/\/weltladen-kressbronn.de\/wp\/wp-content\/uploads\/2024\/08\/56EF844E-45F0-45D3-B553-DD8E571F6261-24x24.jpeg 24w, https:\/\/weltladen-kressbronn.de\/wp\/wp-content\/uploads\/2024\/08\/56EF844E-45F0-45D3-B553-DD8E571F6261-36x36.jpeg 36w, https:\/\/weltladen-kressbronn.de\/wp\/wp-content\/uploads\/2024\/08\/56EF844E-45F0-45D3-B553-DD8E571F6261-48x48.jpeg 48w, https:\/\/weltladen-kressbronn.de\/wp\/wp-content\/uploads\/2024\/08\/56EF844E-45F0-45D3-B553-DD8E571F6261.jpeg 400w\" sizes=\"(max-width: 154px) 100vw, 154px\" \/><\/a>GLOBO Fair Trade Partner m\u00f6chte den Fairen Handel mit qualitativ hochwertigen Produkten in Deutschland und Europa weiter ausbauen und damit den bewu\u00dften Konsum f\u00f6rdern. Gemeinsam mit unseren Partnerwerkst\u00e4tten und unseren Kunden wollen wir die ZUKUNFT FAIR GESTALTEN.<\/p>\n<h3 lang=\"de-DE\" xml:lang=\"de-DE\"><\/h3>\n<h3 lang=\"de-DE\" xml:lang=\"de-DE\"><\/h3>\n<h3 lang=\"de-DE\" xml:lang=\"de-DE\"><\/h3>\n<h3 lang=\"de-DE\" xml:lang=\"de-DE\">CONTIGO<\/h3>\n<p lang=\"de-DE\" xml:lang=\"de-DE\"><a href=\"https:\/\/contigo.de\/\"><img loading=\"lazy\" class=\"wp-image-1878 alignleft\" src=\"https:\/\/weltladen-kressbronn.de\/wp\/wp-content\/uploads\/2024\/08\/BADEDA3F-6499-4278-B95A-0228A0DC4707-250x300.jpeg\" alt=\"\" width=\"154\" height=\"185\" srcset=\"https:\/\/weltladen-kressbronn.de\/wp\/wp-content\/uploads\/2024\/08\/BADEDA3F-6499-4278-B95A-0228A0DC4707-250x300.jpeg 250w, https:\/\/weltladen-kressbronn.de\/wp\/wp-content\/uploads\/2024\/08\/BADEDA3F-6499-4278-B95A-0228A0DC4707-20x24.jpeg 20w, https:\/\/weltladen-kressbronn.de\/wp\/wp-content\/uploads\/2024\/08\/BADEDA3F-6499-4278-B95A-0228A0DC4707-30x36.jpeg 30w, https:\/\/weltladen-kressbronn.de\/wp\/wp-content\/uploads\/2024\/08\/BADEDA3F-6499-4278-B95A-0228A0DC4707-40x48.jpeg 40w, https:\/\/weltladen-kressbronn.de\/wp\/wp-content\/uploads\/2024\/08\/BADEDA3F-6499-4278-B95A-0228A0DC4707.jpeg 372w\" sizes=\"(max-width: 154px) 100vw, 154px\" \/><\/a>Contigo Fairtrade z\u00e4hlt neben ElPuente und Gepa zu den gr\u00f6\u00dften Fairhandels-Direktimporteuren in Deutschland. Langfristige Handelsbeziehungen und eine Partnerschaft auf Augenh\u00f6he garantieren den Lieferanten, Kooperativen und Kleinbauern in Afrika gerechte Preise die zu einer deutlichen Verbesserung der Lebensbedingungen vor Ort beitragen! Contigo unters\u00fctzt seine Fairhandels-Partner aber auch bei der Logistik, Zertfizierung und die Umstellung auf biologische Anbauweisen.<\/p>\n<h3 lang=\"de-DE\" xml:lang=\"de-DE\"><\/h3>\n<h3 lang=\"de-DE\" xml:lang=\"de-DE\"><\/h3>\n<h3 lang=\"de-DE\" xml:lang=\"de-DE\"><\/h3>\n<h3 lang=\"de-DE\" xml:lang=\"de-DE\">EL PUENTE<\/h3>\n<p lang=\"de-DE\" xml:lang=\"de-DE\"><a href=\"https:\/\/www.el-puente.de\/\"><img loading=\"lazy\" class=\"wp-image-1879 alignleft\" src=\"https:\/\/weltladen-kressbronn.de\/wp\/wp-content\/uploads\/2024\/08\/FC8500AE-FCAF-43AD-B31E-51A2F60A3A8C-300x251.jpeg\" alt=\"\" width=\"154\" height=\"129\" srcset=\"https:\/\/weltladen-kressbronn.de\/wp\/wp-content\/uploads\/2024\/08\/FC8500AE-FCAF-43AD-B31E-51A2F60A3A8C-300x251.jpeg 300w, https:\/\/weltladen-kressbronn.de\/wp\/wp-content\/uploads\/2024\/08\/FC8500AE-FCAF-43AD-B31E-51A2F60A3A8C-1024x856.jpeg 1024w, https:\/\/weltladen-kressbronn.de\/wp\/wp-content\/uploads\/2024\/08\/FC8500AE-FCAF-43AD-B31E-51A2F60A3A8C-768x642.jpeg 768w, https:\/\/weltladen-kressbronn.de\/wp\/wp-content\/uploads\/2024\/08\/FC8500AE-FCAF-43AD-B31E-51A2F60A3A8C-24x20.jpeg 24w, https:\/\/weltladen-kressbronn.de\/wp\/wp-content\/uploads\/2024\/08\/FC8500AE-FCAF-43AD-B31E-51A2F60A3A8C-36x30.jpeg 36w, https:\/\/weltladen-kressbronn.de\/wp\/wp-content\/uploads\/2024\/08\/FC8500AE-FCAF-43AD-B31E-51A2F60A3A8C-48x40.jpeg 48w, https:\/\/weltladen-kressbronn.de\/wp\/wp-content\/uploads\/2024\/08\/FC8500AE-FCAF-43AD-B31E-51A2F60A3A8C.jpeg 1087w\" sizes=\"(max-width: 154px) 100vw, 154px\" \/><\/a>Seit jeher sehen wir uns von El Puente nicht nur als reiner H\u00e4ndler. Entwicklungspolitische Bildungs- und \u00d6ffentlichkeitsarbeit war schon immer ein wichtiger Teil von uns. Denn hinter jedem Produkt steht eine Geschichte. Um diesen Bereich langfristig auf eine verl\u00e4ssliche Grundlage zu stellen, gr\u00fcndeten wir 2001 die El Puente Stiftung.<\/p>\n<h3 lang=\"de-DE\" xml:lang=\"de-DE\"><\/h3>\n<h3 lang=\"de-DE\" xml:lang=\"de-DE\"><\/h3>\n<h3 lang=\"de-DE\" xml:lang=\"de-DE\">BANAFAIR e.V.<\/h3>\n<p><strong><a href=\"https:\/\/www.banafair.de\/index.html\"><img loading=\"lazy\" class=\"wp-image-1880 alignleft\" src=\"https:\/\/weltladen-kressbronn.de\/wp\/wp-content\/uploads\/2024\/08\/9A6B6A8A-EE25-4326-8503-46C0DCD77242-300x203.png\" alt=\"\" width=\"158\" height=\"107\" srcset=\"https:\/\/weltladen-kressbronn.de\/wp\/wp-content\/uploads\/2024\/08\/9A6B6A8A-EE25-4326-8503-46C0DCD77242-300x203.png 300w, https:\/\/weltladen-kressbronn.de\/wp\/wp-content\/uploads\/2024\/08\/9A6B6A8A-EE25-4326-8503-46C0DCD77242-24x16.png 24w, https:\/\/weltladen-kressbronn.de\/wp\/wp-content\/uploads\/2024\/08\/9A6B6A8A-EE25-4326-8503-46C0DCD77242-36x24.png 36w, https:\/\/weltladen-kressbronn.de\/wp\/wp-content\/uploads\/2024\/08\/9A6B6A8A-EE25-4326-8503-46C0DCD77242-48x33.png 48w, https:\/\/weltladen-kressbronn.de\/wp\/wp-content\/uploads\/2024\/08\/9A6B6A8A-EE25-4326-8503-46C0DCD77242.png 446w\" sizes=\"(max-width: 158px) 100vw, 158px\" \/><\/a>BanaFair <\/strong>ist eine entwicklungspolitische Non-Profit-Organisation mit den Arbeitsschwerpunkten\u00a0<strong>Fairer Handel mit kleinb\u00e4uerlichen Produzent*innen,<\/strong><strong>Bildungs-, \u00d6ffentlichkeits-, Kampagnen- und Lobbyarbeit <\/strong>und\u00a0<strong>Finanzielle Unterst\u00fctzung von Programmen<\/strong> von Partnerorganisationen in Lateinamerika und der Karibik.<\/p>\n","protected":false},"excerpt":{"rendered":"<p>Der Weltladen Kressbronn ist vielfach vernetzt, wir m\u00f6chten uns bei unseren Partnern f\u00fcr die Zusammenarbeit bedanken. Hier findet ihr weitere Informationen und Links dazu. &nbsp; Alb-Knoblauch Alb-Knoblauch ist eine famili\u00e4re Manufaktur, die aus den Eltern Szivi und Max und den Kinder: Luna, Milan, Kamilla und Alma besteht. Sie leben auf einem Bio-Bauernhof auf der Schw\u00e4bischen [&hellip;]<\/p>\n","protected":false},"author":10,"featured_media":0,"parent":0,"menu_order":400,"comment_status":"closed","ping_status":"closed","template":"","meta":{"spay_email":""},"_links":{"self":[{"href":"https:\/\/weltladen-kressbronn.de\/index.php\/wp-json\/wp\/v2\/pages\/1828"}],"collection":[{"href":"https:\/\/weltladen-kressbronn.de\/index.php\/wp-json\/wp\/v2\/pages"}],"about":[{"href":"https:\/\/weltladen-kressbronn.de\/index.php\/wp-json\/wp\/v2\/types\/page"}],"author":[{"embeddable":true,"href":"https:\/\/weltladen-kressbronn.de\/index.php\/wp-json\/wp\/v2\/users\/10"}],"replies":[{"embeddable":true,"href":"https:\/\/weltladen-kressbronn.de\/index.php\/wp-json\/wp\/v2\/comments?post=1828"}],"version-history":[{"count":14,"href":"https:\/\/weltladen-kressbronn.de\/index.php\/wp-json\/wp\/v2\/pages\/1828\/revisions"}],"predecessor-version":[{"id":1887,"href":"https:\/\/weltladen-kressbronn.de\/index.php\/wp-json\/wp\/v2\/pages\/1828\/revisions\/1887"}],"wp:attachment":[{"href":"https:\/\/weltladen-kressbronn.de\/index.php\/wp-json\/wp\/v2\/media?parent=1828"}],"curies":[{"name":"wp","href":"https:\/\/api.w.org\/{rel}","templated":true}]}}