{"id":104,"date":"2019-05-20T14:25:08","date_gmt":"2019-05-20T14:25:08","guid":{"rendered":"https:\/\/weltladen-kressbronn.de\/wp\/?page_id=104"},"modified":"2020-02-24T09:46:15","modified_gmt":"2020-02-24T08:46:15","slug":"bildungsarbeit","status":"publish","type":"page","link":"https:\/\/weltladen-kressbronn.de\/index.php\/bildungsarbeit\/","title":{"rendered":"Bildungsarbeit"},"content":{"rendered":"<p>Bereits seit vielen Jahren erkunden Schulklassen des Bildungszentrums Parkschule und der Nonnenbachschule den Weltladen als au\u00dferschulischen Lernort und bekommen durch \u201eFairtrade zum Anfassen\u201c einen Einblick in den fairen Handel und die Aufgaben der Weltl\u00e4den.<\/p>\n<p>Globales Lernen unterst\u00fctzt den Erwerb von Kompetenzen, die wir brauchen, um uns in der Weltgesellschaft heute und in Zukunft zu orientieren und verantwortlich zu leben. Es soll den Heranwachsenden die globalisierte Welt als \u201eEine Welt\u201c verst\u00e4ndlich machen. Sie lernen die Verflechtungen zwischen Nord und S\u00fcd kennen sowie deren zusammenh\u00e4ngende wirtschaftlichen, sozialen und \u00f6kologischen Entwicklungen. Sie sind so in der Lage das eigene Eingebundensein in dieser einen Welt zu erkennen und k\u00f6nnen daraus ihre eigenen Schl\u00fcsse ziehen. Dar\u00fcber hinaus wird ihr Verantwortungsbewusstsein gest\u00e4rkt.<\/p>\n<p>Unser Bildungsangebot ist kostenlos. Der Zugang zu globaler Bildung darf nicht am fehlenden Budget scheitern und wird aus den \u00dcbersch\u00fcssen des Weltladens finanziert. Die Bildungseinrichtung muss lediglich die Kopier- und gegebenenfalls die Materialkosten tragen.<\/p>\n<p><strong>Unser Programm:<\/strong><\/p>\n<ol>\n<li><strong>Lernort Weltladen:<\/strong> Ein Besuch bei uns im Weltladen verdeutlicht mithilfe der verschiedenen Produkte deren Herkunft und Herstellung, sowie die Grunds\u00e4tze des Fairen Handels. Mit dem Weltverteilungsspiel k\u00f6nnen die Teilnehmer die Fairness bei der weltweiten Einkommensverteilung herausfinden und nachempfinden.<\/li>\n<li><strong>Erlebnis-Workshops f\u00fcr Schulklassen und Kirchen (Kinder-\/ Jugendgruppen)<\/strong> in thematischer Vielfalt mit unterschiedlichen Methoden und Medien:<\/li>\n<\/ol>\n<ol>\n<li style=\"list-style-type: none;\"><\/li>\n<\/ol>\n<ul>\n<li>Wo die Schokolade w\u00e4chst (an verschiedene Altersklassen anpassungsf\u00e4hig)<\/li>\n<li>Das krumme Gesch\u00e4ft mit der Banane<\/li>\n<li>Die Weltreise einer Jeans<\/li>\n<li>In einem Handy steckt die ganze Welt<\/li>\n<li>Auf Wunsch k\u00f6nnen wir hier auch weitere Themen anbieten.<\/li>\n<\/ul>\n<ol>\n<li style=\"list-style-type: none;\"><\/li>\n<\/ol>\n<p>3. <strong>Unterst\u00fctzung von Schulen bei Aktionen\/Projekten zum Fairen Handel<\/strong>:<\/p>\n<p>Aktionen. Wir unterst\u00fctzen Schulen beim Pausenverkauf von fair gehandelten Produkten und bei Aktionen und Infotagen.<\/p>\n<p><strong>4. Praktikum<\/strong><\/p>\n<p>Es ist m\u00f6glich, bei uns ein soziales Praktikum abzuleisten. Hierf\u00fcr sollte sich der angehende Praktikant rechtzeitig vor Beginn um einen Platz bem\u00fchen.<\/p>\n<p>&nbsp;<\/p>\n<ol start=\"5\">\n<li><strong>\u00d6ffentliche Veranstaltungen zum Thema Globalisierung und Fairer Handel<\/strong><\/li>\n<\/ol>\n<p>Im Rahmen des Weltladentags und der Fairen Woche gibt es Aktionen im Kressbronner Weltladen. Aktuelle Informationen entnehmen Sie bitte der lokalen Presse.<\/p>\n<p>20.05.2019 \/ MF<\/p>\n","protected":false},"excerpt":{"rendered":"<p>Bereits seit vielen Jahren erkunden Schulklassen des Bildungszentrums Parkschule und der Nonnenbachschule den Weltladen als au\u00dferschulischen Lernort und bekommen durch \u201eFairtrade zum Anfassen\u201c einen Einblick in den fairen Handel und die Aufgaben der Weltl\u00e4den. Globales Lernen unterst\u00fctzt den Erwerb von Kompetenzen, die wir brauchen, um uns in der Weltgesellschaft heute und in Zukunft zu orientieren [&hellip;]<\/p>\n","protected":false},"author":2,"featured_media":0,"parent":0,"menu_order":0,"comment_status":"closed","ping_status":"closed","template":"","meta":{"spay_email":""},"_links":{"self":[{"href":"https:\/\/weltladen-kressbronn.de\/index.php\/wp-json\/wp\/v2\/pages\/104"}],"collection":[{"href":"https:\/\/weltladen-kressbronn.de\/index.php\/wp-json\/wp\/v2\/pages"}],"about":[{"href":"https:\/\/weltladen-kressbronn.de\/index.php\/wp-json\/wp\/v2\/types\/page"}],"author":[{"embeddable":true,"href":"https:\/\/weltladen-kressbronn.de\/index.php\/wp-json\/wp\/v2\/users\/2"}],"replies":[{"embeddable":true,"href":"https:\/\/weltladen-kressbronn.de\/index.php\/wp-json\/wp\/v2\/comments?post=104"}],"version-history":[{"count":2,"href":"https:\/\/weltladen-kressbronn.de\/index.php\/wp-json\/wp\/v2\/pages\/104\/revisions"}],"predecessor-version":[{"id":432,"href":"https:\/\/weltladen-kressbronn.de\/index.php\/wp-json\/wp\/v2\/pages\/104\/revisions\/432"}],"wp:attachment":[{"href":"https:\/\/weltladen-kressbronn.de\/index.php\/wp-json\/wp\/v2\/media?parent=104"}],"curies":[{"name":"wp","href":"https:\/\/api.w.org\/{rel}","templated":true}]}}